{"id":3066,"date":"2013-08-11T18:08:58","date_gmt":"2013-08-11T18:08:58","guid":{"rendered":"http:\/\/beautifulbride.es\/inici-2\/"},"modified":"2023-09-09T11:32:30","modified_gmt":"2023-09-09T11:32:30","slug":"inici","status":"publish","type":"page","link":"https:\/\/beautifulbride.es\/es\/","title":{"rendered":"Inicio"},"content":{"rendered":"\n<div class=\"slider-wrapper relative\" id=\"slider-1315447087\" >\n    <div class=\"slider slider-nav-dots-dashes slider-nav-circle slider-nav-large slider-nav-light slider-style-normal\"\n        data-flickity-options='{\n            \"cellAlign\": \"center\",\n            \"imagesLoaded\": true,\n            \"lazyLoad\": 1,\n            \"freeScroll\": false,\n            \"wrapAround\": true,\n            \"autoPlay\": 10000,\n            \"pauseAutoPlayOnHover\" : true,\n            \"prevNextButtons\": true,\n            \"contain\" : true,\n            \"adaptiveHeight\" : true,\n            \"dragThreshold\" : 10,\n            \"percentPosition\": true,\n            \"pageDots\": true,\n            \"rightToLeft\": false,\n            \"draggable\": true,\n            \"selectedAttraction\": 0.1,\n            \"parallax\" : 0,\n            \"friction\": 0.6        }'\n        >\n        \n\n\n\n  <div class=\"banner has-hover\" id=\"banner-741237155\">\n          <div class=\"banner-inner fill\">\n        <div class=\"banner-bg fill\" >\n            <img decoding=\"async\" width=\"1920\" height=\"1280\" src=\"https:\/\/beautifulbride.es\/wp-content\/uploads\/atelier-beautiful-bride-tarragona.webp\" class=\"bg attachment-large size-large\" alt=\"\" \/>                        <div class=\"overlay\"><\/div>            \n                    <\/div>\n\t\t\n        <div class=\"banner-layers container\">\n            <div class=\"fill banner-link\"><\/div>            \n\n   <div id=\"text-box-276899350\" class=\"text-box banner-layer x50 md-x50 lg-x50 y70 md-y70 lg-y70 res-text\">\n                     <div data-animate=\"fadeInUp\">           <div class=\"text-box-content text dark\">\n              \n              <div class=\"text-inner text-center\">\n                  \n\n<h2 class=\"animated fadeInLeft\">BeautifulBride es converteix en Atelier BeautifulBride<\/h2>\n<h4 class=\"alt-font\" data-line-height=\"m\">On podr\u00e0s vestir-te amb el teu vestit somiat, fet a mida \u00fanic i exclusiu per a tu, o triar un vestit de la nostra col\u00b7lecci\u00f3 dels millors dissenyadors.<\/h4>\n\n              <\/div>\n           <\/div>\n       <\/div>                     \n<style>\n#text-box-276899350 {\n  width: 88%;\n}\n#text-box-276899350 .text-box-content {\n  font-size: 131%;\n}\n@media (min-width:550px) {\n  #text-box-276899350 {\n    width: 54%;\n  }\n  #text-box-276899350 .text-box-content {\n    font-size: 100%;\n  }\n}\n<\/style>\n    <\/div>\n \n\n        <\/div>\n      <\/div>\n\n            \n<style>\n#banner-741237155 {\n  padding-top: 800px;\n  background-color: rgb(255, 183, 184);\n}\n#banner-741237155 .overlay {\n  background-color: rgba(0, 0, 0, 0.634);\n}\n<\/style>\n  <\/div>\n\n\n\n  <div class=\"banner has-hover\" id=\"banner-367036615\">\n          <div class=\"banner-inner fill\">\n        <div class=\"banner-bg fill\" >\n            <img decoding=\"async\" width=\"2000\" height=\"1335\" src=\"https:\/\/beautifulbride.es\/wp-content\/uploads\/Love-4-min.jpg\" class=\"bg attachment-original size-original\" alt=\"\" \/>                        <div class=\"overlay\"><\/div>            \n                    <\/div>\n\t\t\n        <div class=\"banner-layers container\">\n            <div class=\"fill banner-link\"><\/div>            \n\n   <div id=\"text-box-679557862\" class=\"text-box banner-layer x50 md-x50 lg-x50 y50 md-y50 lg-y50 res-text\">\n                     <div data-animate=\"fadeInUp\">           <div class=\"text-box-content text dark\">\n              \n              <div class=\"text-inner text-center\">\n                  \n\n<h3 class=\"alt-font\">Alguna cosa<\/h3>\n<h1 class=\"animated fadeInLeft uppercase\">nova, vella, prestada<\/h1>\n<h3 class=\"animated fadeInRight\">i blava<\/h3>\n<div class=\"is-divider divider clearfix\" ><\/div>\n\n<a href=\"http:\/\/beautifulbride.es\/nuvia\/\" class=\"button secondary is-outline\"  >\n\t\t<span>Descobreix els nostres vestits<\/span>\n\t<\/a>\n\n\n\n              <\/div>\n           <\/div>\n       <\/div>                     \n<style>\n#text-box-679557862 {\n  width: 100%;\n}\n#text-box-679557862 .text-box-content {\n  font-size: 119%;\n}\n@media (min-width:550px) {\n  #text-box-679557862 {\n    width: 40%;\n  }\n  #text-box-679557862 .text-box-content {\n    font-size: 100%;\n  }\n}\n<\/style>\n    <\/div>\n \n\n        <\/div>\n      <\/div>\n\n            \n<style>\n#banner-367036615 {\n  padding-top: 800px;\n}\n#banner-367036615 .overlay {\n  background-color: rgba(0, 0, 0, 0.262);\n}\n#banner-367036615 .banner-bg img {\n  object-position: 1% 0%;\n}\n<\/style>\n  <\/div>\n\n\n\n     <\/div>\n\n     <div class=\"loading-spin dark large centered\"><\/div>\n\n\t<\/div>\n\n\n\n\t<section class=\"section\" id=\"section_1475461241\">\n\t\t<div class=\"section-bg fill\" >\n\t\t\t\t\t\t\t\t\t\n\t\t\t\n\n\t\t<\/div>\n\n\t\t\n\n\t\t<div class=\"section-content relative\">\n\t\t\t\n\n<div class=\"row align-middle align-center\"  id=\"row-1967399191\">\n\n\n\t<div id=\"col-699495531\" class=\"col medium-6 small-12 large-6\"  data-animate=\"fadeInUp\">\n\t\t\t\t<div class=\"col-inner\"  >\n\t\t\t\n\t\t\t\n\n<h1><span style=\"font-size: 130%;\">T&#8217;acompanyem en el cam\u00ed al teu gran dia<\/span><\/h1>\n<div class=\"is-divider divider clearfix\" ><\/div>\n\n\t<div id=\"text-72084452\" class=\"text\">\n\t\t\n\n<p><span style=\"font-size: 110%;\">Apostem per un tracte personalitzat, a m\u00e9s d\u2019una gesti\u00f3 integrada perqu\u00e8 quan surtis de Beautiful Bride tinguis tot el necessari per al teu dia.<\/span><\/p>\n\t\t\n<style>\n#text-72084452 {\n  line-height: 1.5;\n}\n<\/style>\n\t<\/div>\n\t\n<a href=\"https:\/\/beautifulbride.es\/prova-vestit\/\" class=\"button secondary is-underline lowercase\"  >\n\t<i class=\"icon-clock\" aria-hidden=\"true\" ><\/i>\t<span>Demana cita<\/span>\n\t<\/a>\n\n\n\n\t\t<\/div>\n\t\t\t\t\n<style>\n#col-699495531 > .col-inner {\n  padding: 0px 60px 0px 0;\n  margin: 0 0px 0px 0px;\n}\n<\/style>\n\t<\/div>\n\n\t\n\n\t<div id=\"col-526107838\" class=\"col medium-6 small-12 large-6\"  >\n\t\t\t\t<div class=\"col-inner\"  >\n\t\t\t\n\t\t\t\n\n\n  <div class=\"banner has-hover\" id=\"banner-1611210780\">\n          <div class=\"banner-inner fill\">\n        <div class=\"banner-bg fill\" >\n            <img decoding=\"async\" width=\"1760\" height=\"948\" src=\"https:\/\/beautifulbride.es\/wp-content\/uploads\/Captura-de-pantalla-2021-10-18-a-las-19.22.36.png\" class=\"bg attachment-large size-large\" alt=\"\" \/>                                    \n                    <\/div>\n\t\t\n        <div class=\"banner-layers container\">\n            <div class=\"fill banner-link\"><\/div>            \n\n   <div id=\"text-box-145833016\" class=\"text-box banner-layer x50 md-x50 lg-x50 y50 md-y50 lg-y50 res-text\">\n                                <div class=\"text-box-content text dark\">\n              \n              <div class=\"text-inner text-center\">\n                  \n\n<div class=\"video-button-wrapper\" style=\"font-size:182%\"><a href=\"https:\/\/vimeo.com\/635234319\" class=\"button open-video icon circle is-outline is-xlarge\"><i class=\"icon-play\" style=\"font-size:1.5em;\" ><\/i><\/a><\/div>\n\n\n              <\/div>\n           <\/div>\n                            \n<style>\n#text-box-145833016 {\n  width: 60%;\n}\n#text-box-145833016 .text-box-content {\n  font-size: 100%;\n}\n<\/style>\n    <\/div>\n \n\n        <\/div>\n      <\/div>\n\n            \n<style>\n#banner-1611210780 {\n  padding-top: 56.25%;\n  background-color: rgb(255, 255, 255);\n}\n<\/style>\n  <\/div>\n\n\n\n\t\t<\/div>\n\t\t\t\t\t<\/div>\n\n\t\n\n\t<div id=\"col-1625378458\" class=\"col medium-6 small-12 large-6\"  >\n\t\t\t\t<div class=\"col-inner\"  >\n\t\t\t\n\t\t\t\n\n\n  <div class=\"banner has-hover bg-glow\" id=\"banner-2077350405\">\n          <div class=\"banner-inner fill\">\n        <div class=\"banner-bg fill\" >\n            <img decoding=\"async\" width=\"2000\" height=\"1333\" src=\"https:\/\/beautifulbride.es\/wp-content\/uploads\/breath4-min.jpg\" class=\"bg attachment-original size-original\" alt=\"\" \/>                                    \n                    <\/div>\n\t\t\n        <div class=\"banner-layers container\">\n            <a class=\"fill\" href=\"http:\/\/beautifulbride.es\/nuvia\/\" ><div class=\"fill banner-link\"><\/div><\/a>            \n\n   <div id=\"text-box-1555279831\" class=\"text-box banner-layer x50 md-x50 lg-x50 y50 md-y50 lg-y50 res-text\">\n                                <div class=\"text-box-content text dark\">\n              \n              <div class=\"text-inner text-center\">\n                  \n\n\n              <\/div>\n           <\/div>\n                            \n<style>\n#text-box-1555279831 {\n  width: 60%;\n}\n#text-box-1555279831 .text-box-content {\n  font-size: 100%;\n}\n@media (min-width:550px) {\n  #text-box-1555279831 {\n    width: 60%;\n  }\n}\n<\/style>\n    <\/div>\n \n\n        <\/div>\n      <\/div>\n\n            \n<style>\n#banner-2077350405 {\n  padding-top: 56.25%;\n}\n#banner-2077350405 .banner-bg img {\n  object-position: 100% 7%;\n}\n<\/style>\n  <\/div>\n\n\n<p><span style=\"font-family: marcellus; font-size: 170%;\"><a href=\"http:\/\/beautifulbride.es\/nuvia\/\">Vestits de n\u00favia<\/a> <\/span><\/p>\n\n\t\t<\/div>\n\t\t\t\t\n<style>\n#col-1625378458 > .col-inner {\n  padding: 0px 0px 0px 0px;\n  margin: 0 0px 0px 0px;\n}\n<\/style>\n\t<\/div>\n\n\t\n\n\t<div id=\"col-1062740756\" class=\"col medium-6 small-12 large-6\"  >\n\t\t\t\t<div class=\"col-inner\"  >\n\t\t\t\n\t\t\t\n\n\n  <div class=\"banner has-hover bg-glow\" id=\"banner-502548935\">\n          <div class=\"banner-inner fill\">\n        <div class=\"banner-bg fill\" >\n            <img decoding=\"async\" width=\"1343\" height=\"953\" src=\"https:\/\/beautifulbride.es\/wp-content\/uploads\/shooting_color-25-min.jpg\" class=\"bg attachment-original size-original\" alt=\"\" \/>                                    \n                    <\/div>\n\t\t\n        <div class=\"banner-layers container\">\n            <a class=\"fill\" href=\"http:\/\/beautifulbride.es\/festa\/\" ><div class=\"fill banner-link\"><\/div><\/a>            \n\n   <div id=\"text-box-85229385\" class=\"text-box banner-layer x50 md-x50 lg-x50 y50 md-y50 lg-y50 res-text\">\n                                <div class=\"text-box-content text dark text-shadow-2\">\n              \n              <div class=\"text-inner text-center\">\n                  \n\n\n              <\/div>\n           <\/div>\n                            \n<style>\n#text-box-85229385 {\n  width: 60%;\n}\n#text-box-85229385 .text-box-content {\n  font-size: 100%;\n}\n@media (min-width:550px) {\n  #text-box-85229385 {\n    width: 60%;\n  }\n}\n<\/style>\n    <\/div>\n \n\n        <\/div>\n      <\/div>\n\n            \n<style>\n#banner-502548935 {\n  padding-top: 56.25%;\n}\n#banner-502548935 .banner-bg img {\n  object-position: 0% 75%;\n}\n<\/style>\n  <\/div>\n\n\n<p><span style=\"font-size: 170%;\"><span style=\"font-family: marcellus;\"><a href=\"http:\/\/beautifulbride.es\/festa\/\">Vestits&nbsp;de festa<\/a><\/span><\/span><\/p>\n\n\t\t<\/div>\n\t\t\t\t\n<style>\n#col-1062740756 > .col-inner {\n  margin: 0 0px 0px 0px;\n}\n<\/style>\n\t<\/div>\n\n\t\n\n<\/div>\n\n\t\t<\/div>\n\n\t\t\n<style>\n#section_1475461241 {\n  padding-top: 81px;\n  padding-bottom: 81px;\n}\n<\/style>\n\t<\/section>\n\t\n\n\t<section class=\"section\" id=\"section_1680855105\">\n\t\t<div class=\"section-bg fill\" >\n\t\t\t\t\t\t\t\t\t\n\t\t\t\n\n\t\t<\/div>\n\n\t\t\n\n\t\t<div class=\"section-content relative\">\n\t\t\t\n\n<div class=\"row\"  id=\"row-1809430322\">\n\n\n\t<div id=\"col-273269857\" class=\"col small-12 large-12\"  >\n\t\t\t\t<div class=\"col-inner\"  >\n\t\t\t\n\t\t\t\n\n\t<div id=\"text-4285350360\" class=\"text\">\n\t\t\n\n<h1><span style=\"font-size: 120%;\">@beautifulbridetgn<\/span><\/h1>\n\t\t\n<style>\n#text-4285350360 {\n  text-align: center;\n}\n<\/style>\n\t<\/div>\n\t\n\n\t\t<\/div>\n\t\t\t\t\t<\/div>\n\n\t\n\n<\/div>\nError validating access token: The session has been invalidated because the user changed their password or Facebook has changed the session for security reasons.\n\n\n\t\t<\/div>\n\n\t\t\n<style>\n#section_1680855105 {\n  padding-top: 70px;\n  padding-bottom: 70px;\n  background-color: rgba(255, 183, 184, 0.186);\n}\n<\/style>\n\t<\/section>\n\t\n\n\t<section class=\"section\" id=\"section_904600964\">\n\t\t<div class=\"section-bg fill\" >\n\t\t\t\t\t\t\t\t\t\n\t\t\t\n\n\t\t<\/div>\n\n\t\t\n\n\t\t<div class=\"section-content relative\">\n\t\t\t\n\n<div class=\"row\"  id=\"row-1406094490\">\n\n\n\t<div id=\"col-224083993\" class=\"col small-12 large-12\"  >\n\t\t\t\t<div class=\"col-inner\"  >\n\t\t\t\n\t\t\t\n\n<p><script type=\"text\/javascript\" src=\"https:\/\/cdn1.bodas.net\/js\/wp-widget.js?nossl-20181219-08ES145-1\"><\/script><\/p>\n<div id=\"wp-widget-reviews\">\n<div id=\"wp-widget-preview\">Lee <a href=\"https:\/\/www.bodas.net\/tiendas-de-novia\/beautiful-bride--e55488\/opiniones\">nuestras opiniones<\/a> en &nbsp;<br \/><a href=\"https:\/\/www.bodas.net\"><br \/><img decoding=\"async\" src=\"https:\/\/cdn1.bodas.net\/assets\/img\/logos\/gen_logoHeader.svg\" height=\"20\"><br \/><\/a><\/div>\n<\/div>\n<p><script>wpShowReviews(55488, \"red\");<\/script><\/p>\n\n\t\t<\/div>\n\t\t\t\t\t<\/div>\n\n\t\n\n<\/div>\n\n\t\t<\/div>\n\n\t\t\n<style>\n#section_904600964 {\n  padding-top: 30px;\n  padding-bottom: 30px;\n}\n<\/style>\n\t<\/section>\n\t\n\n\t<section class=\"section\" id=\"section_90001656\">\n\t\t<div class=\"section-bg fill\" >\n\t\t\t<img decoding=\"async\" width=\"2000\" height=\"1333\" src=\"https:\/\/beautifulbride.es\/wp-content\/uploads\/Millenials-Weddings-Wisconsin-144-min.jpg\" class=\"bg attachment- size-\" alt=\"\" \/>\t\t\t\t\t\t<div class=\"section-bg-overlay absolute fill\"><\/div>\n\t\t\t\n\n\t\t<\/div>\n\n\t\t\n\n\t\t<div class=\"section-content relative\">\n\t\t\t\r\n\r\n\t<div id=\"gap-1599378686\" class=\"gap-element clearfix\" style=\"display:block; height:auto;\">\n\t\t\n<style>\n#gap-1599378686 {\n  padding-top: 30px;\n}\n<\/style>\n\t<\/div>\n\t\r\n\r\n<div class=\"row row-large align-middle align-center\"  id=\"row-291450298\">\r\n\r\n\n\t<div id=\"col-1455043288\" class=\"col medium-8 small-12 large-6\"  >\n\t\t\t\t<div class=\"col-inner text-center dark\"  >\n\t\t\t\n\t\t\t\r\n\r\n<h3><span style=\"font-size: 200%;\" data-line-height=\"xs\">Suscr\u00edbete a la newsletter<\/span><\/h3>\r\n\t<div id=\"gap-993393103\" class=\"gap-element clearfix\" style=\"display:block; height:auto;\">\n\t\t\n<style>\n#gap-993393103 {\n  padding-top: 20px;\n}\n<\/style>\n\t<\/div>\n\t\r\n\r\n<p><script>(function() {\n\twindow.mc4wp = window.mc4wp || {\n\t\tlisteners: [],\n\t\tforms: {\n\t\t\ton: function(evt, cb) {\n\t\t\t\twindow.mc4wp.listeners.push(\n\t\t\t\t\t{\n\t\t\t\t\t\tevent   : evt,\n\t\t\t\t\t\tcallback: cb\n\t\t\t\t\t}\n\t\t\t\t);\n\t\t\t}\n\t\t}\n\t}\n})();\n<\/script><!-- Mailchimp for WordPress v4.10.6 - https:\/\/wordpress.org\/plugins\/mailchimp-for-wp\/ --><form id=\"mc4wp-form-1\" class=\"mc4wp-form mc4wp-form-46341 mc4wp-form-basic\" method=\"post\" data-id=\"46341\" data-name=\"Formulario de registro por defecto\" ><div class=\"mc4wp-form-fields\"><p>\r\n    <label>Nom<\/label>\r\n    <input type=\"text\" name=\"FNAME\" placeholder=\"\">\r\n<\/p><p>\r\n\t<label for=\"mc4wp_email\">Email <\/label>\r\n\t<input type=\"email\" id=\"mc4wp_email\" name=\"EMAIL\" placeholder=\"\" required \/>\r\n<\/p>\r\n<p>\r\n    <label>\r\n<input name=\"AGREE_TO_TERMS\" type=\"checkbox\" value=\"1\" required=\"\"> <a href=\"https:\/\/beautifulbride.es\/politica-de-privacidad\/\" target=\"_blank\">He llegit i accepto els termes i condicions<\/a>    <\/label>\r\n<\/p> <\/br>\r\n<p>\r\n\t<input type=\"submit\" value=\"Subscriure'm\" \/>\r\n<\/p>\r\n<\/div><label style=\"display: none !important;\">Deja vac\u00edo este campo si eres humano: <input type=\"text\" name=\"_mc4wp_honeypot\" value=\"\" tabindex=\"-1\" autocomplete=\"off\" \/><\/label><input type=\"hidden\" name=\"_mc4wp_timestamp\" value=\"1777146283\" \/><input type=\"hidden\" name=\"_mc4wp_form_id\" value=\"46341\" \/><input type=\"hidden\" name=\"_mc4wp_form_element_id\" value=\"mc4wp-form-1\" \/><div class=\"mc4wp-response\"><\/div><\/form><!-- \/ Mailchimp for WordPress Plugin --><\/p>\r\n\r\n\t\t<\/div>\n\t\t\t\t\t<\/div>\n\n\t\r\n\r\n<\/div>\r\n<div class=\"row align-center\"  id=\"row-143491482\">\r\n\r\n\n\t<div id=\"col-287558231\" class=\"col medium-10 small-12 large-10\"  >\n\t\t\t\t<div class=\"col-inner\"  >\n\t\t\t\n\t\t\t\r\n\r\n\t<div id=\"text-3011398658\" class=\"text\">\n\t\t\r\n\r\n<p style=\"text-align: center;\"><span style=\"color: #999999;\"><em>INFORMACI\u00d3 B\u00c0SICA SOBRE PROTECCI\u00d3 DE DADES:\u00a0Responsable: VER\u00d2NICA\u00a0VAZQUEZ (operant sota la marca comercial Beautiful Bride).<\/em><\/span><br \/><span style=\"color: #999999;\"><em>Finalitat: Enviament de butlletins, aix\u00ed com informacions d\u2019inter\u00e8s relacionades amb l\u2019empresa. Legitimaci\u00f3: Consentiment de l\u2019interessat.<\/em><\/span><br \/><span style=\"color: #999999;\"><em>Destinataris: Amb car\u00e0cter general no es comunicaran les dades personals a tercers, excepte obligaci\u00f3 legal. D\u2019existir, pot consultar els destinataris de les dades a la Informaci\u00f3 addicional.\u00a0Drets que assisteixen a l\u2019Interessat: Pot exercir els drets d\u2019acc\u00e9s, rectificaci\u00f3, supressi\u00f3, portabilitat, de limitaci\u00f3 i oposici\u00f3 al tractament, tal com s\u2019explica a la\u00a0Informaci\u00f3 addicional\u00a0o dirigint-se a\u00a0<a style=\"color: #999999;\" href=\"mailto:veronica@beautifulbride.cat\" target=\"_blank\" rel=\"noopener\">veronica@beautifulbride.cat<\/a>. Informaci\u00f3 addicional:\u00a0Pot consultar la Informaci\u00f3 addicional sobre protecci\u00f3 de dades a l\u2019Av\u00eds legal\u00a0de\u00a0<a style=\"color: #999999;\" href=\"https:\/\/beautifulbride.es\/es\/\" target=\"_blank\" rel=\"noopener\" data-saferedirecturl=\"https:\/\/www.google.com\/url?q=https:\/\/beautifulbride.es\/es\/&amp;source=gmail&amp;ust=1611152848458000&amp;usg=AFQjCNFUORaUcCbffpLU0u3CUtn4Dqu_dw\">https:\/\/beautifulbride.es\/es\/<\/a><\/em><\/span><\/p>\r\n\t\t\n<style>\n#text-3011398658 {\n  font-size: 0.75rem;\n  line-height: 1.5;\n}\n<\/style>\n\t<\/div>\n\t\r\n\r\n\t\t<\/div>\n\t\t\t\t\t<\/div>\n\n\t\r\n\r\n<\/div>\r\n\r\n\t\t<\/div>\n\n\t\t\n<style>\n#section_90001656 {\n  padding-top: 40px;\n  padding-bottom: 40px;\n  background-color: rgb(255, 183, 184);\n}\n#section_90001656 .section-bg-overlay {\n  background-color: rgba(0, 0, 0, 0.64);\n}\n#section_90001656 .section-bg img {\n  object-position: 0% 69%;\n}\n<\/style>\n\t<\/section>\n\t\n\n\t<div id=\"gap-451818346\" class=\"gap-element clearfix\" style=\"display:block; height:auto;\">\n\t\t\n<style>\n#gap-451818346 {\n  padding-top: 30px;\n}\n<\/style>\n\t<\/div>\n\t\n\n\n\n","protected":false},"excerpt":{"rendered":"","protected":false},"author":1,"featured_media":0,"parent":0,"menu_order":0,"comment_status":"closed","ping_status":"closed","template":"page-transparent-header-light.php","meta":{"footnotes":""},"class_list":["post-3066","page","type-page","status-publish","hentry"],"yoast_head":"<!-- This site is optimized with the Yoast SEO plugin v25.7 - https:\/\/yoast.com\/wordpress\/plugins\/seo\/ -->\n<title>Inicio - BeautifulBride<\/title>\n<meta name=\"robots\" content=\"index, follow, max-snippet:-1, max-image-preview:large, max-video-preview:-1\" \/>\n<link rel=\"canonical\" href=\"https:\/\/beautifulbride.es\/es\/\" \/>\n<meta property=\"og:locale\" content=\"es_ES\" \/>\n<meta property=\"og:type\" content=\"article\" \/>\n<meta property=\"og:title\" content=\"Inicio - BeautifulBride\" \/>\n<meta property=\"og:url\" content=\"https:\/\/beautifulbride.es\/es\/\" \/>\n<meta property=\"og:site_name\" content=\"BeautifulBride\" \/>\n<meta property=\"article:modified_time\" content=\"2023-09-09T11:32:30+00:00\" \/>\n<meta property=\"og:image\" content=\"https:\/\/cdn1.bodas.net\/assets\/img\/logos\/gen_logoHeader.svg\" \/>\n<meta name=\"twitter:card\" content=\"summary_large_image\" \/>\n<meta name=\"twitter:label1\" content=\"Tiempo de lectura\" \/>\n\t<meta name=\"twitter:data1\" content=\"2 minutos\" \/>\n<script type=\"application\/ld+json\" class=\"yoast-schema-graph\">{\"@context\":\"https:\/\/schema.org\",\"@graph\":[{\"@type\":\"WebPage\",\"@id\":\"https:\/\/beautifulbride.es\/es\/\",\"url\":\"https:\/\/beautifulbride.es\/es\/\",\"name\":\"Inicio - BeautifulBride\",\"isPartOf\":{\"@id\":\"https:\/\/beautifulbride.es\/es\/#website\"},\"primaryImageOfPage\":{\"@id\":\"https:\/\/beautifulbride.es\/es\/#primaryimage\"},\"image\":{\"@id\":\"https:\/\/beautifulbride.es\/es\/#primaryimage\"},\"thumbnailUrl\":\"https:\/\/cdn1.bodas.net\/assets\/img\/logos\/gen_logoHeader.svg\",\"datePublished\":\"2013-08-11T18:08:58+00:00\",\"dateModified\":\"2023-09-09T11:32:30+00:00\",\"breadcrumb\":{\"@id\":\"https:\/\/beautifulbride.es\/es\/#breadcrumb\"},\"inLanguage\":\"es\",\"potentialAction\":[{\"@type\":\"ReadAction\",\"target\":[\"https:\/\/beautifulbride.es\/es\/\"]}]},{\"@type\":\"ImageObject\",\"inLanguage\":\"es\",\"@id\":\"https:\/\/beautifulbride.es\/es\/#primaryimage\",\"url\":\"https:\/\/cdn1.bodas.net\/assets\/img\/logos\/gen_logoHeader.svg\",\"contentUrl\":\"https:\/\/cdn1.bodas.net\/assets\/img\/logos\/gen_logoHeader.svg\"},{\"@type\":\"BreadcrumbList\",\"@id\":\"https:\/\/beautifulbride.es\/es\/#breadcrumb\",\"itemListElement\":[{\"@type\":\"ListItem\",\"position\":1,\"name\":\"Portada\",\"item\":\"https:\/\/beautifulbride.es\/es\/\"},{\"@type\":\"ListItem\",\"position\":2,\"name\":\"Inicio\"}]},{\"@type\":\"WebSite\",\"@id\":\"https:\/\/beautifulbride.es\/es\/#website\",\"url\":\"https:\/\/beautifulbride.es\/es\/\",\"name\":\"BeautifulBride\",\"description\":\"Vestidos de Novia\",\"potentialAction\":[{\"@type\":\"SearchAction\",\"target\":{\"@type\":\"EntryPoint\",\"urlTemplate\":\"https:\/\/beautifulbride.es\/es\/?s={search_term_string}\"},\"query-input\":{\"@type\":\"PropertyValueSpecification\",\"valueRequired\":true,\"valueName\":\"search_term_string\"}}],\"inLanguage\":\"es\"}]}<\/script>\n<!-- \/ Yoast SEO plugin. -->","yoast_head_json":{"title":"Inicio - BeautifulBride","robots":{"index":"index","follow":"follow","max-snippet":"max-snippet:-1","max-image-preview":"max-image-preview:large","max-video-preview":"max-video-preview:-1"},"canonical":"https:\/\/beautifulbride.es\/es\/","og_locale":"es_ES","og_type":"article","og_title":"Inicio - BeautifulBride","og_url":"https:\/\/beautifulbride.es\/es\/","og_site_name":"BeautifulBride","article_modified_time":"2023-09-09T11:32:30+00:00","og_image":[{"url":"https:\/\/cdn1.bodas.net\/assets\/img\/logos\/gen_logoHeader.svg","type":"","width":"","height":""}],"twitter_card":"summary_large_image","twitter_misc":{"Tiempo de lectura":"2 minutos"},"schema":{"@context":"https:\/\/schema.org","@graph":[{"@type":"WebPage","@id":"https:\/\/beautifulbride.es\/es\/","url":"https:\/\/beautifulbride.es\/es\/","name":"Inicio - BeautifulBride","isPartOf":{"@id":"https:\/\/beautifulbride.es\/es\/#website"},"primaryImageOfPage":{"@id":"https:\/\/beautifulbride.es\/es\/#primaryimage"},"image":{"@id":"https:\/\/beautifulbride.es\/es\/#primaryimage"},"thumbnailUrl":"https:\/\/cdn1.bodas.net\/assets\/img\/logos\/gen_logoHeader.svg","datePublished":"2013-08-11T18:08:58+00:00","dateModified":"2023-09-09T11:32:30+00:00","breadcrumb":{"@id":"https:\/\/beautifulbride.es\/es\/#breadcrumb"},"inLanguage":"es","potentialAction":[{"@type":"ReadAction","target":["https:\/\/beautifulbride.es\/es\/"]}]},{"@type":"ImageObject","inLanguage":"es","@id":"https:\/\/beautifulbride.es\/es\/#primaryimage","url":"https:\/\/cdn1.bodas.net\/assets\/img\/logos\/gen_logoHeader.svg","contentUrl":"https:\/\/cdn1.bodas.net\/assets\/img\/logos\/gen_logoHeader.svg"},{"@type":"BreadcrumbList","@id":"https:\/\/beautifulbride.es\/es\/#breadcrumb","itemListElement":[{"@type":"ListItem","position":1,"name":"Portada","item":"https:\/\/beautifulbride.es\/es\/"},{"@type":"ListItem","position":2,"name":"Inicio"}]},{"@type":"WebSite","@id":"https:\/\/beautifulbride.es\/es\/#website","url":"https:\/\/beautifulbride.es\/es\/","name":"BeautifulBride","description":"Vestidos de Novia","potentialAction":[{"@type":"SearchAction","target":{"@type":"EntryPoint","urlTemplate":"https:\/\/beautifulbride.es\/es\/?s={search_term_string}"},"query-input":{"@type":"PropertyValueSpecification","valueRequired":true,"valueName":"search_term_string"}}],"inLanguage":"es"}]}},"_links":{"self":[{"href":"https:\/\/beautifulbride.es\/es\/wp-json\/wp\/v2\/pages\/3066","targetHints":{"allow":["GET"]}}],"collection":[{"href":"https:\/\/beautifulbride.es\/es\/wp-json\/wp\/v2\/pages"}],"about":[{"href":"https:\/\/beautifulbride.es\/es\/wp-json\/wp\/v2\/types\/page"}],"author":[{"embeddable":true,"href":"https:\/\/beautifulbride.es\/es\/wp-json\/wp\/v2\/users\/1"}],"replies":[{"embeddable":true,"href":"https:\/\/beautifulbride.es\/es\/wp-json\/wp\/v2\/comments?post=3066"}],"version-history":[{"count":68,"href":"https:\/\/beautifulbride.es\/es\/wp-json\/wp\/v2\/pages\/3066\/revisions"}],"predecessor-version":[{"id":48919,"href":"https:\/\/beautifulbride.es\/es\/wp-json\/wp\/v2\/pages\/3066\/revisions\/48919"}],"wp:attachment":[{"href":"https:\/\/beautifulbride.es\/es\/wp-json\/wp\/v2\/media?parent=3066"}],"curies":[{"name":"wp","href":"https:\/\/api.w.org\/{rel}","templated":true}]}}