{"id":3239,"date":"2014-07-31T09:25:03","date_gmt":"2014-07-31T09:25:03","guid":{"rendered":"http:\/\/beautifulbride.es\/?page_id=3239"},"modified":"2024-12-11T08:27:24","modified_gmt":"2024-12-11T08:27:24","slug":"nosotros","status":"publish","type":"page","link":"https:\/\/beautifulbride.es\/es\/nosotros\/","title":{"rendered":"Nosotros"},"content":{"rendered":"\n\n  <div class=\"banner has-hover\" id=\"banner-749032420\">\n          <div class=\"banner-inner fill\">\n        <div class=\"banner-bg fill\" >\n            <img decoding=\"async\" width=\"1600\" height=\"1066\" src=\"https:\/\/beautifulbride.es\/wp-content\/uploads\/WhatsApp-Image-2020-11-24-at-11.05.35-10-min.jpeg\" class=\"bg attachment-original size-original\" alt=\"\" \/>                        <div class=\"overlay\"><\/div>            \n                    <\/div>\n\t\t\n        <div class=\"banner-layers container\">\n            <div class=\"fill banner-link\"><\/div>            \n\n   <div id=\"text-box-233912320\" class=\"text-box banner-layer x50 md-x50 lg-x50 y50 md-y50 lg-y50 res-text\">\n                     <div data-animate=\"fadeInUp\">           <div class=\"text-box-content text dark text-shadow-2\">\n              \n              <div class=\"text-inner text-center\">\n                  \n\n<h2>Beautiful Bride<\/h2>\n\n              <\/div>\n           <\/div>\n       <\/div>                     \n<style>\n#text-box-233912320 {\n  width: 77%;\n}\n#text-box-233912320 .text-box-content {\n  font-size: 142%;\n}\n@media (min-width:550px) {\n  #text-box-233912320 {\n    width: 60%;\n  }\n  #text-box-233912320 .text-box-content {\n    font-size: 100%;\n  }\n}\n<\/style>\n    <\/div>\n \n\n        <\/div>\n      <\/div>\n\n            \n<style>\n#banner-749032420 {\n  padding-top: 800px;\n}\n#banner-749032420 .overlay {\n  background-color: rgba(0, 0, 0, 0.262);\n}\n#banner-749032420 .banner-bg img {\n  object-position: 48% 0%;\n}\n<\/style>\n  <\/div>\n\n\n\t<div id=\"gap-1602510284\" class=\"gap-element clearfix\" style=\"display:block; height:auto;\">\n\t\t\n<style>\n#gap-1602510284 {\n  padding-top: 30px;\n}\n<\/style>\n\t<\/div>\n\t\n\n\n\t<section class=\"section\" id=\"section_790476197\">\n\t\t<div class=\"section-bg fill\" >\n\t\t\t\t\t\t\t\t\t\n\t\t\t\n\n\t\t<\/div>\n\n\t\t\n\n\t\t<div class=\"section-content relative\">\n\t\t\t\n\n<div class=\"row\"  id=\"row-2080430452\">\n\n\n\t<div id=\"col-780366787\" class=\"col small-12 large-12\"  >\n\t\t\t\t<div class=\"col-inner\"  >\n\t\t\t\n\t\t\t\n\n<h1 style=\"text-align: center;\">Las bodas y sobretodo las novias est\u00e1n cambiado la idea de<br \/>\nsu d\u00eda especial, d\u00eda en el que quieren estar radiantes pero sin<br \/>\ndejarse una fortuna en ello.<\/h1>\n\n<div class=\"text-center\"><div class=\"is-divider divider clearfix\" style=\"max-width:medium;\"><\/div><\/div>\n\n\t<div id=\"text-459835786\" class=\"text\">\n\t\t\n\n<p><span style=\"font-size: 110%;\">Veronica Vazquez y Salome Soto, fundaron BeautifulBride en Octubre de 2014. \u00abNaci\u00f3 del sue\u00f1o de trabajar juntas, en el sector que m\u00e1s nos ha apasionado desde siempre\u00bb <\/span><\/p>\n<p><span style=\"font-size: 110%;\">Veronica, se encarga de la Direcci\u00f3n, dado a su gran experiencia de trabajo en empresas multinacionales, y Salom\u00e9 experta en dise\u00f1o, moda y confecci\u00f3n nupcial de m\u00e1s de 30 a\u00f1os, hacen una combinaci\u00f3n perfecta para que BeautifulBride sea una gran empresa de confianza. <\/span><\/p>\n<p><span style=\"font-size: 110%;\">Queremos que tu visita a BeautifulBride sea lo m\u00e1s exquisita posible, por eso apostamos por un trato personalizado en nuestro Atelier, donde en el momento de tu cita, nuestra boutique estar\u00e1 toda a tu disposici\u00f3n. <\/span><\/p>\n<p><span style=\"font-size: 110%;\">Estamos situadas en Tarragona, pero tambi\u00e9n trabajamos con novias de Barcelona, Lleida e incluso otras partes de Catalu\u00f1a. En BeautifulBride Podr\u00e1s estrenar tu vestido de novia so\u00f1ado a un precio inmejorable. <\/span><\/p>\n<p><span style=\"font-size: 110%;\">Adem\u00e1s podr\u00e1s encontrar el vestido de tus sue\u00f1os a un precio irresistible en nuestra secci\u00f3n de outlet. Cualquiera de las opciones que escojas ser\u00e1 la perfecta para ti. Adem\u00e1s, vestimos a tus damas de honor. <\/span><\/p>\n<p><span style=\"font-size: 110%;\">Te esperamos en BeautifulBride, estaremos encantados de atenderte.<\/span><\/p>\n\t\t\n<style>\n#text-459835786 {\n  line-height: 1.7;\n  text-align: center;\n}\n<\/style>\n\t<\/div>\n\t\n\n\t\t<\/div>\n\t\t\t\t\t<\/div>\n\n\t\n\n<\/div>\n\n\t\t<\/div>\n\n\t\t\n<style>\n#section_790476197 {\n  padding-top: 30px;\n  padding-bottom: 30px;\n}\n<\/style>\n\t<\/section>\n\t\n\n","protected":false},"excerpt":{"rendered":"","protected":false},"author":1,"featured_media":0,"parent":0,"menu_order":0,"comment_status":"closed","ping_status":"closed","template":"page-transparent-header-light.php","meta":{"footnotes":""},"class_list":["post-3239","page","type-page","status-publish","hentry"],"yoast_head":"<!-- This site is optimized with the Yoast SEO plugin v25.7 - https:\/\/yoast.com\/wordpress\/plugins\/seo\/ -->\n<title>Nosotros - BeautifulBride<\/title>\n<meta name=\"robots\" content=\"index, follow, max-snippet:-1, max-image-preview:large, max-video-preview:-1\" \/>\n<link rel=\"canonical\" href=\"https:\/\/beautifulbride.es\/es\/nosotros\/\" \/>\n<meta property=\"og:locale\" content=\"es_ES\" \/>\n<meta property=\"og:type\" content=\"article\" \/>\n<meta property=\"og:title\" content=\"Nosotros - BeautifulBride\" \/>\n<meta property=\"og:url\" content=\"https:\/\/beautifulbride.es\/es\/nosotros\/\" \/>\n<meta property=\"og:site_name\" content=\"BeautifulBride\" \/>\n<meta property=\"article:modified_time\" content=\"2024-12-11T08:27:24+00:00\" \/>\n<meta name=\"twitter:card\" content=\"summary_large_image\" \/>\n<meta name=\"twitter:label1\" content=\"Tiempo de lectura\" \/>\n\t<meta name=\"twitter:data1\" content=\"2 minutos\" \/>\n<script type=\"application\/ld+json\" class=\"yoast-schema-graph\">{\"@context\":\"https:\/\/schema.org\",\"@graph\":[{\"@type\":\"WebPage\",\"@id\":\"https:\/\/beautifulbride.es\/es\/nosotros\/\",\"url\":\"https:\/\/beautifulbride.es\/es\/nosotros\/\",\"name\":\"Nosotros - BeautifulBride\",\"isPartOf\":{\"@id\":\"https:\/\/beautifulbride.es\/es\/#website\"},\"datePublished\":\"2014-07-31T09:25:03+00:00\",\"dateModified\":\"2024-12-11T08:27:24+00:00\",\"breadcrumb\":{\"@id\":\"https:\/\/beautifulbride.es\/es\/nosotros\/#breadcrumb\"},\"inLanguage\":\"es\",\"potentialAction\":[{\"@type\":\"ReadAction\",\"target\":[\"https:\/\/beautifulbride.es\/es\/nosotros\/\"]}]},{\"@type\":\"BreadcrumbList\",\"@id\":\"https:\/\/beautifulbride.es\/es\/nosotros\/#breadcrumb\",\"itemListElement\":[{\"@type\":\"ListItem\",\"position\":1,\"name\":\"Portada\",\"item\":\"https:\/\/beautifulbride.es\/es\/\"},{\"@type\":\"ListItem\",\"position\":2,\"name\":\"Nosotros\"}]},{\"@type\":\"WebSite\",\"@id\":\"https:\/\/beautifulbride.es\/es\/#website\",\"url\":\"https:\/\/beautifulbride.es\/es\/\",\"name\":\"BeautifulBride\",\"description\":\"Vestidos de Novia\",\"potentialAction\":[{\"@type\":\"SearchAction\",\"target\":{\"@type\":\"EntryPoint\",\"urlTemplate\":\"https:\/\/beautifulbride.es\/es\/?s={search_term_string}\"},\"query-input\":{\"@type\":\"PropertyValueSpecification\",\"valueRequired\":true,\"valueName\":\"search_term_string\"}}],\"inLanguage\":\"es\"}]}<\/script>\n<!-- \/ Yoast SEO plugin. -->","yoast_head_json":{"title":"Nosotros - BeautifulBride","robots":{"index":"index","follow":"follow","max-snippet":"max-snippet:-1","max-image-preview":"max-image-preview:large","max-video-preview":"max-video-preview:-1"},"canonical":"https:\/\/beautifulbride.es\/es\/nosotros\/","og_locale":"es_ES","og_type":"article","og_title":"Nosotros - BeautifulBride","og_url":"https:\/\/beautifulbride.es\/es\/nosotros\/","og_site_name":"BeautifulBride","article_modified_time":"2024-12-11T08:27:24+00:00","twitter_card":"summary_large_image","twitter_misc":{"Tiempo de lectura":"2 minutos"},"schema":{"@context":"https:\/\/schema.org","@graph":[{"@type":"WebPage","@id":"https:\/\/beautifulbride.es\/es\/nosotros\/","url":"https:\/\/beautifulbride.es\/es\/nosotros\/","name":"Nosotros - BeautifulBride","isPartOf":{"@id":"https:\/\/beautifulbride.es\/es\/#website"},"datePublished":"2014-07-31T09:25:03+00:00","dateModified":"2024-12-11T08:27:24+00:00","breadcrumb":{"@id":"https:\/\/beautifulbride.es\/es\/nosotros\/#breadcrumb"},"inLanguage":"es","potentialAction":[{"@type":"ReadAction","target":["https:\/\/beautifulbride.es\/es\/nosotros\/"]}]},{"@type":"BreadcrumbList","@id":"https:\/\/beautifulbride.es\/es\/nosotros\/#breadcrumb","itemListElement":[{"@type":"ListItem","position":1,"name":"Portada","item":"https:\/\/beautifulbride.es\/es\/"},{"@type":"ListItem","position":2,"name":"Nosotros"}]},{"@type":"WebSite","@id":"https:\/\/beautifulbride.es\/es\/#website","url":"https:\/\/beautifulbride.es\/es\/","name":"BeautifulBride","description":"Vestidos de Novia","potentialAction":[{"@type":"SearchAction","target":{"@type":"EntryPoint","urlTemplate":"https:\/\/beautifulbride.es\/es\/?s={search_term_string}"},"query-input":{"@type":"PropertyValueSpecification","valueRequired":true,"valueName":"search_term_string"}}],"inLanguage":"es"}]}},"_links":{"self":[{"href":"https:\/\/beautifulbride.es\/es\/wp-json\/wp\/v2\/pages\/3239","targetHints":{"allow":["GET"]}}],"collection":[{"href":"https:\/\/beautifulbride.es\/es\/wp-json\/wp\/v2\/pages"}],"about":[{"href":"https:\/\/beautifulbride.es\/es\/wp-json\/wp\/v2\/types\/page"}],"author":[{"embeddable":true,"href":"https:\/\/beautifulbride.es\/es\/wp-json\/wp\/v2\/users\/1"}],"replies":[{"embeddable":true,"href":"https:\/\/beautifulbride.es\/es\/wp-json\/wp\/v2\/comments?post=3239"}],"version-history":[{"count":13,"href":"https:\/\/beautifulbride.es\/es\/wp-json\/wp\/v2\/pages\/3239\/revisions"}],"predecessor-version":[{"id":49219,"href":"https:\/\/beautifulbride.es\/es\/wp-json\/wp\/v2\/pages\/3239\/revisions\/49219"}],"wp:attachment":[{"href":"https:\/\/beautifulbride.es\/es\/wp-json\/wp\/v2\/media?parent=3239"}],"curies":[{"name":"wp","href":"https:\/\/api.w.org\/{rel}","templated":true}]}}