{"id":45244,"date":"2020-08-24T07:07:38","date_gmt":"2020-08-24T07:07:38","guid":{"rendered":"https:\/\/beautifulbride.es\/politica-de-venta\/"},"modified":"2020-09-21T19:38:14","modified_gmt":"2020-09-21T19:38:14","slug":"politica-de-venta","status":"publish","type":"page","link":"https:\/\/beautifulbride.es\/es\/politica-de-venta\/","title":{"rendered":"Pol\u00edtica de venta"},"content":{"rendered":"\n<div class=\"row align-middle align-center\"  id=\"row-1174365690\">\n\n\n\t<div id=\"col-1290395639\" class=\"col medium-11 small-12 large-11\"  >\n\t\t\t\t<div class=\"col-inner\"  >\n\t\t\t\n\t\t\t\n\n<div class=\"container section-title-container\" ><h3 class=\"section-title section-title-normal\"><b><\/b><span class=\"section-title-main\" >CONDICIONES DE VENTA<\/span><b><\/b><\/h3><\/div>\n\n<p>Los usuarios, consumidores\u00a0 o clientes\u00a0 tienen la posibilidad de realizar todos sus pedidos desde la p\u00e1gina de Internet: www.beautifulbride.es<\/p>\n<p>Cada usuario se declara con plena capacidad para utilizar tarjetas de cr\u00e9dito y que las mismas tienen fondos suficientes para cubrir todos los costes que resultan de la compra de productos a trav\u00e9s de www.beautifulbride.es<\/p>\n<p>Durante el proceso de compra, el usuario\u00a0 declara aceptar plenamente y sin reservas la totalidad de las presentes Condiciones Generales de Venta.<\/p>\n<p>Los datos registrados por www.beautifulbride.es constituyen la prueba de las transacciones realizadas. El usuario recibir\u00e1 la confirmaci\u00f3n de su pedido a trav\u00e9s de un correo electr\u00f3nico.<\/p>\n<p>www.beautifulbride.es se reserva el derecho a modificar sus precios en cualquier momento, pero los productos se facturar\u00e1n sobre la base de las tarifas en vigor en el momento en el que se realice el pedido (a reserva de la disponibilidad que haya del producto), salvo error tipogr\u00e1fico manifiesto<\/p>\n<p>www.beautifulbride.es se reserva el derecho a rechazar un pedido de cualquier usuario con el que tenga un litigio.<\/p>\n\t<div id=\"gap-657306999\" class=\"gap-element clearfix\" style=\"display:block; height:auto;\">\n\t\t\n<style>\n#gap-657306999 {\n  padding-top: 30px;\n}\n<\/style>\n\t<\/div>\n\t\n\n<div class=\"container section-title-container\" ><h3 class=\"section-title section-title-normal\"><b><\/b><span class=\"section-title-main\" >ENTREGAS Y DEVOLUCIONES:<\/span><b><\/b><\/h3><\/div>\n\n<p>ENTREGAS:<\/p>\n<ul>\n<li>Las entregas se efectuar\u00e1n en un plazo de 24\/48 horas, d\u00edas laborables, dependiendo de la hora en la que se efect\u00fae el pedido, en todo el territorio nacional, y Portugal.<\/li>\n<li>Las entregas a Canarias, Ceuta y Melilla, en un plazo de 4\/7 d\u00edas laborables.<\/li>\n<li>Para el resto de pa\u00edses se cargar\u00e1 una cantidad que aparecer\u00e1 antes de la confirmaci\u00f3n del pedido, que variar\u00e1 en funci\u00f3n del pa\u00eds de destino.<\/li>\n<li>Este plazo es aplicable una vez los productos hayan salido de nuestras instalaciones.<\/li>\n<li>Dependiendo si el producto esta en Stock o lo realizamos bajo su pedido, el tiempo puede variar entre 5 y 7 dias desde que usted hace la compra, hasta que lo recibe en su domicilio.<\/li>\n<\/ul>\n<p>DEVOLUCIONES:<\/p>\n<ol>\n<li><strong>El plazo para cualquier devoluci\u00f3n es de 48 horas naturales desde la fecha de la entrega.<\/strong><\/li>\n<\/ol>\n<p style=\"padding-left: 40px;\"><em>MUY IMPORTANTE: <\/em><em>En prendas de las secciones Mascarillas, Complementos y Accesorios, prendas rebajadas de cualquier temporada NO se admiten devoluciones. <\/em><em>En calzado no se admiten devoluciones, s\u00f3lo cambios de talla. Si no hubiera existencias para el cambio dentro del plazo, se devolver\u00e1 el importe de la mercanc\u00eda.<\/em><\/p>\n<ol start=\"2\">\n<li><strong>El cliente deber\u00e1 enviar la mercanc\u00eda a esta direcci\u00f3n:<\/strong><\/li>\n<\/ol>\n<p style=\"padding-left: 40px;\">BeautifulBride &#8211; C\/ de la Union 17 \/ 43001 Tarragona \u00b7 Tlf: 977 59 13 21\u00a0<em>Los gastos de env\u00edo de la devoluci\u00f3n correr\u00e1n por cuenta del cliente.<\/em><\/p>\n<ol start=\"3\">\n<li><strong>Reembolso del importe de la devoluci\u00f3n.<\/strong><\/li>\n<\/ol>\n<p style=\"padding-left: 40px;\">Tras aprobar la devoluci\u00f3n (los art\u00edculos tienen que estar en perfecto estado y tener las etiquetas interiores), procederemos al reintegro del importe a abonar, en los mismos t\u00e9rminos que se realiz\u00f3 la compra.<\/p>\n<p style=\"padding-left: 40px;\">En el caso de que el producto no sea devuelto en su embalaje original, \u00e9ste sufrir\u00e1 una depreciaci\u00f3n.<\/p>\n<p style=\"padding-left: 40px;\"><strong>No se devolver<\/strong><strong>\u00e1 el importe de los gastos de env<\/strong><strong>\u00ed<\/strong><strong>o.<\/strong><\/p>\n<ol start=\"4\">\n<li><strong>Cambio de art\u00edculos.<\/strong><\/li>\n<\/ol>\n<p style=\"padding-left: 40px;\">Si quieres cambiar un art\u00edculo, tienes que solicitar una devoluci\u00f3n dentro del plazo estipulado de 14 d\u00edas, y hacer una nueva compra online. BeautifulBride se reserva el derecho de rechazar devoluciones comunicadas o enviadas fuera del plazo fijado, o productos que no se encuentren en las mismas condiciones en las que fueron recibidas.<\/p>\n<p>El usuario acepta que todos sus datos de car\u00e1cter personal sean \u00edntegramente cedidos a Aplazame desde el momento en que el usuario haya iniciado la contrataci\u00f3n del servicio de pago aplazado ofrecido por \u00e9sta \u00faltima en el momento de elegir la forma de pago. Esta aceptaci\u00f3n se extiende a terceras entidades que tuvieran que acceder a los ficheros para el buen fin del contrato.<\/p>\n\n\t\t<\/div>\n\t\t\t\t\t<\/div>\n\n\t\n\n<\/div>\n\n","protected":false},"excerpt":{"rendered":"","protected":false},"author":1,"featured_media":0,"parent":0,"menu_order":0,"comment_status":"closed","ping_status":"closed","template":"","meta":{"footnotes":""},"class_list":["post-45244","page","type-page","status-publish","hentry"],"yoast_head":"<!-- This site is optimized with the Yoast SEO plugin v25.7 - https:\/\/yoast.com\/wordpress\/plugins\/seo\/ -->\n<title>Pol\u00edtica de venta - BeautifulBride<\/title>\n<meta name=\"robots\" content=\"index, follow, max-snippet:-1, max-image-preview:large, max-video-preview:-1\" \/>\n<link rel=\"canonical\" href=\"https:\/\/beautifulbride.es\/es\/politica-de-venta\/\" \/>\n<meta property=\"og:locale\" content=\"es_ES\" \/>\n<meta property=\"og:type\" content=\"article\" \/>\n<meta property=\"og:title\" content=\"Pol\u00edtica de venta - BeautifulBride\" \/>\n<meta property=\"og:url\" content=\"https:\/\/beautifulbride.es\/es\/politica-de-venta\/\" \/>\n<meta property=\"og:site_name\" content=\"BeautifulBride\" \/>\n<meta property=\"article:modified_time\" content=\"2020-09-21T19:38:14+00:00\" \/>\n<meta name=\"twitter:card\" content=\"summary_large_image\" \/>\n<meta name=\"twitter:label1\" content=\"Tiempo de lectura\" \/>\n\t<meta name=\"twitter:data1\" content=\"3 minutos\" \/>\n<script type=\"application\/ld+json\" class=\"yoast-schema-graph\">{\"@context\":\"https:\/\/schema.org\",\"@graph\":[{\"@type\":\"WebPage\",\"@id\":\"https:\/\/beautifulbride.es\/es\/politica-de-venta\/\",\"url\":\"https:\/\/beautifulbride.es\/es\/politica-de-venta\/\",\"name\":\"Pol\u00edtica de venta - BeautifulBride\",\"isPartOf\":{\"@id\":\"https:\/\/beautifulbride.es\/es\/#website\"},\"datePublished\":\"2020-08-24T07:07:38+00:00\",\"dateModified\":\"2020-09-21T19:38:14+00:00\",\"breadcrumb\":{\"@id\":\"https:\/\/beautifulbride.es\/es\/politica-de-venta\/#breadcrumb\"},\"inLanguage\":\"es\",\"potentialAction\":[{\"@type\":\"ReadAction\",\"target\":[\"https:\/\/beautifulbride.es\/es\/politica-de-venta\/\"]}]},{\"@type\":\"BreadcrumbList\",\"@id\":\"https:\/\/beautifulbride.es\/es\/politica-de-venta\/#breadcrumb\",\"itemListElement\":[{\"@type\":\"ListItem\",\"position\":1,\"name\":\"Portada\",\"item\":\"https:\/\/beautifulbride.es\/es\/\"},{\"@type\":\"ListItem\",\"position\":2,\"name\":\"Pol\u00edtica de venta\"}]},{\"@type\":\"WebSite\",\"@id\":\"https:\/\/beautifulbride.es\/es\/#website\",\"url\":\"https:\/\/beautifulbride.es\/es\/\",\"name\":\"BeautifulBride\",\"description\":\"Vestidos de Novia\",\"potentialAction\":[{\"@type\":\"SearchAction\",\"target\":{\"@type\":\"EntryPoint\",\"urlTemplate\":\"https:\/\/beautifulbride.es\/es\/?s={search_term_string}\"},\"query-input\":{\"@type\":\"PropertyValueSpecification\",\"valueRequired\":true,\"valueName\":\"search_term_string\"}}],\"inLanguage\":\"es\"}]}<\/script>\n<!-- \/ Yoast SEO plugin. -->","yoast_head_json":{"title":"Pol\u00edtica de venta - BeautifulBride","robots":{"index":"index","follow":"follow","max-snippet":"max-snippet:-1","max-image-preview":"max-image-preview:large","max-video-preview":"max-video-preview:-1"},"canonical":"https:\/\/beautifulbride.es\/es\/politica-de-venta\/","og_locale":"es_ES","og_type":"article","og_title":"Pol\u00edtica de venta - BeautifulBride","og_url":"https:\/\/beautifulbride.es\/es\/politica-de-venta\/","og_site_name":"BeautifulBride","article_modified_time":"2020-09-21T19:38:14+00:00","twitter_card":"summary_large_image","twitter_misc":{"Tiempo de lectura":"3 minutos"},"schema":{"@context":"https:\/\/schema.org","@graph":[{"@type":"WebPage","@id":"https:\/\/beautifulbride.es\/es\/politica-de-venta\/","url":"https:\/\/beautifulbride.es\/es\/politica-de-venta\/","name":"Pol\u00edtica de venta - BeautifulBride","isPartOf":{"@id":"https:\/\/beautifulbride.es\/es\/#website"},"datePublished":"2020-08-24T07:07:38+00:00","dateModified":"2020-09-21T19:38:14+00:00","breadcrumb":{"@id":"https:\/\/beautifulbride.es\/es\/politica-de-venta\/#breadcrumb"},"inLanguage":"es","potentialAction":[{"@type":"ReadAction","target":["https:\/\/beautifulbride.es\/es\/politica-de-venta\/"]}]},{"@type":"BreadcrumbList","@id":"https:\/\/beautifulbride.es\/es\/politica-de-venta\/#breadcrumb","itemListElement":[{"@type":"ListItem","position":1,"name":"Portada","item":"https:\/\/beautifulbride.es\/es\/"},{"@type":"ListItem","position":2,"name":"Pol\u00edtica de venta"}]},{"@type":"WebSite","@id":"https:\/\/beautifulbride.es\/es\/#website","url":"https:\/\/beautifulbride.es\/es\/","name":"BeautifulBride","description":"Vestidos de Novia","potentialAction":[{"@type":"SearchAction","target":{"@type":"EntryPoint","urlTemplate":"https:\/\/beautifulbride.es\/es\/?s={search_term_string}"},"query-input":{"@type":"PropertyValueSpecification","valueRequired":true,"valueName":"search_term_string"}}],"inLanguage":"es"}]}},"_links":{"self":[{"href":"https:\/\/beautifulbride.es\/es\/wp-json\/wp\/v2\/pages\/45244","targetHints":{"allow":["GET"]}}],"collection":[{"href":"https:\/\/beautifulbride.es\/es\/wp-json\/wp\/v2\/pages"}],"about":[{"href":"https:\/\/beautifulbride.es\/es\/wp-json\/wp\/v2\/types\/page"}],"author":[{"embeddable":true,"href":"https:\/\/beautifulbride.es\/es\/wp-json\/wp\/v2\/users\/1"}],"replies":[{"embeddable":true,"href":"https:\/\/beautifulbride.es\/es\/wp-json\/wp\/v2\/comments?post=45244"}],"version-history":[{"count":2,"href":"https:\/\/beautifulbride.es\/es\/wp-json\/wp\/v2\/pages\/45244\/revisions"}],"predecessor-version":[{"id":45522,"href":"https:\/\/beautifulbride.es\/es\/wp-json\/wp\/v2\/pages\/45244\/revisions\/45522"}],"wp:attachment":[{"href":"https:\/\/beautifulbride.es\/es\/wp-json\/wp\/v2\/media?parent=45244"}],"curies":[{"name":"wp","href":"https:\/\/api.w.org\/{rel}","templated":true}]}}