{"id":38679,"date":"2019-03-02T10:23:25","date_gmt":"2019-03-02T10:23:25","guid":{"rendered":"http:\/\/beautifulbride.es\/producto\/h2\/"},"modified":"2021-01-12T16:08:17","modified_gmt":"2021-01-12T16:08:17","slug":"h2","status":"publish","type":"product","link":"https:\/\/beautifulbride.es\/es\/producto\/h2\/","title":{"rendered":"H2-190"},"content":{"rendered":"","protected":false},"excerpt":{"rendered":"<p>Canc\u00e1n con cintura el\u00e1stica circumferencia es de 190 cm un aro combina excelente adaptaci\u00f3n y \u00f3ptimo confort<br \/>\nDisponible tambi\u00e9n con 160 cm y\u00a0 220 cm<br \/>\nDise\u00f1ado y fabricado en Europa<\/p>\n","protected":false},"featured_media":38661,"template":"","meta":[],"product_brand":[],"product_cat":[118],"product_tag":[],"class_list":{"0":"post-38679","1":"product","2":"type-product","3":"status-publish","4":"has-post-thumbnail","6":"product_cat-cancanes","8":"first","9":"instock","10":"taxable","11":"shipping-taxable","12":"purchasable","13":"product-type-variable"},"yoast_head":"<!-- This site is optimized with the Yoast SEO plugin v25.7 - https:\/\/yoast.com\/wordpress\/plugins\/seo\/ -->\n<title>H2-190 - BeautifulBride<\/title>\n<meta name=\"robots\" content=\"index, follow, max-snippet:-1, max-image-preview:large, max-video-preview:-1\" \/>\n<link rel=\"canonical\" href=\"https:\/\/beautifulbride.es\/es\/producto\/h2\/\" \/>\n<meta property=\"og:locale\" content=\"es_ES\" \/>\n<meta property=\"og:type\" content=\"article\" \/>\n<meta property=\"og:title\" content=\"H2-190 - BeautifulBride\" \/>\n<meta property=\"og:description\" content=\"Canc\u00e1n con cintura el\u00e1stica circumferencia es de 190 cm un aro combina excelente adaptaci\u00f3n y \u00f3ptimo confort Disponible tambi\u00e9n con 160 cm y\u00a0 220 cm Dise\u00f1ado y fabricado en Europa\" \/>\n<meta property=\"og:url\" content=\"https:\/\/beautifulbride.es\/es\/producto\/h2\/\" \/>\n<meta property=\"og:site_name\" content=\"BeautifulBride\" \/>\n<meta property=\"article:modified_time\" content=\"2021-01-12T16:08:17+00:00\" \/>\n<meta property=\"og:image\" content=\"https:\/\/beautifulbride.es\/wp-content\/uploads\/H2-190-1.jpg\" \/>\n\t<meta property=\"og:image:width\" content=\"2000\" \/>\n\t<meta property=\"og:image:height\" content=\"2500\" \/>\n\t<meta property=\"og:image:type\" content=\"image\/jpeg\" \/>\n<meta name=\"twitter:card\" content=\"summary_large_image\" \/>\n<script type=\"application\/ld+json\" class=\"yoast-schema-graph\">{\"@context\":\"https:\/\/schema.org\",\"@graph\":[{\"@type\":\"WebPage\",\"@id\":\"https:\/\/beautifulbride.es\/es\/producto\/h2\/\",\"url\":\"https:\/\/beautifulbride.es\/es\/producto\/h2\/\",\"name\":\"H2-190 - BeautifulBride\",\"isPartOf\":{\"@id\":\"https:\/\/beautifulbride.es\/es\/#website\"},\"primaryImageOfPage\":{\"@id\":\"https:\/\/beautifulbride.es\/es\/producto\/h2\/#primaryimage\"},\"image\":{\"@id\":\"https:\/\/beautifulbride.es\/es\/producto\/h2\/#primaryimage\"},\"thumbnailUrl\":\"https:\/\/beautifulbride.es\/wp-content\/uploads\/H2-190-1.jpg\",\"datePublished\":\"2019-03-02T10:23:25+00:00\",\"dateModified\":\"2021-01-12T16:08:17+00:00\",\"breadcrumb\":{\"@id\":\"https:\/\/beautifulbride.es\/es\/producto\/h2\/#breadcrumb\"},\"inLanguage\":\"es\",\"potentialAction\":[{\"@type\":\"ReadAction\",\"target\":[\"https:\/\/beautifulbride.es\/es\/producto\/h2\/\"]}]},{\"@type\":\"ImageObject\",\"inLanguage\":\"es\",\"@id\":\"https:\/\/beautifulbride.es\/es\/producto\/h2\/#primaryimage\",\"url\":\"https:\/\/beautifulbride.es\/wp-content\/uploads\/H2-190-1.jpg\",\"contentUrl\":\"https:\/\/beautifulbride.es\/wp-content\/uploads\/H2-190-1.jpg\",\"width\":2000,\"height\":2500},{\"@type\":\"BreadcrumbList\",\"@id\":\"https:\/\/beautifulbride.es\/es\/producto\/h2\/#breadcrumb\",\"itemListElement\":[{\"@type\":\"ListItem\",\"position\":1,\"name\":\"Portada\",\"item\":\"https:\/\/beautifulbride.es\/es\/\"},{\"@type\":\"ListItem\",\"position\":2,\"name\":\"Tienda\",\"item\":\"https:\/\/beautifulbride.es\/es\/tienda\/\"},{\"@type\":\"ListItem\",\"position\":3,\"name\":\"H2-190\"}]},{\"@type\":\"WebSite\",\"@id\":\"https:\/\/beautifulbride.es\/es\/#website\",\"url\":\"https:\/\/beautifulbride.es\/es\/\",\"name\":\"BeautifulBride\",\"description\":\"Vestidos de Novia\",\"potentialAction\":[{\"@type\":\"SearchAction\",\"target\":{\"@type\":\"EntryPoint\",\"urlTemplate\":\"https:\/\/beautifulbride.es\/es\/?s={search_term_string}\"},\"query-input\":{\"@type\":\"PropertyValueSpecification\",\"valueRequired\":true,\"valueName\":\"search_term_string\"}}],\"inLanguage\":\"es\"}]}<\/script>\n<!-- \/ Yoast SEO plugin. -->","yoast_head_json":{"title":"H2-190 - BeautifulBride","robots":{"index":"index","follow":"follow","max-snippet":"max-snippet:-1","max-image-preview":"max-image-preview:large","max-video-preview":"max-video-preview:-1"},"canonical":"https:\/\/beautifulbride.es\/es\/producto\/h2\/","og_locale":"es_ES","og_type":"article","og_title":"H2-190 - BeautifulBride","og_description":"Canc\u00e1n con cintura el\u00e1stica circumferencia es de 190 cm un aro combina excelente adaptaci\u00f3n y \u00f3ptimo confort Disponible tambi\u00e9n con 160 cm y\u00a0 220 cm Dise\u00f1ado y fabricado en Europa","og_url":"https:\/\/beautifulbride.es\/es\/producto\/h2\/","og_site_name":"BeautifulBride","article_modified_time":"2021-01-12T16:08:17+00:00","og_image":[{"width":2000,"height":2500,"url":"https:\/\/beautifulbride.es\/wp-content\/uploads\/H2-190-1.jpg","type":"image\/jpeg"}],"twitter_card":"summary_large_image","schema":{"@context":"https:\/\/schema.org","@graph":[{"@type":"WebPage","@id":"https:\/\/beautifulbride.es\/es\/producto\/h2\/","url":"https:\/\/beautifulbride.es\/es\/producto\/h2\/","name":"H2-190 - BeautifulBride","isPartOf":{"@id":"https:\/\/beautifulbride.es\/es\/#website"},"primaryImageOfPage":{"@id":"https:\/\/beautifulbride.es\/es\/producto\/h2\/#primaryimage"},"image":{"@id":"https:\/\/beautifulbride.es\/es\/producto\/h2\/#primaryimage"},"thumbnailUrl":"https:\/\/beautifulbride.es\/wp-content\/uploads\/H2-190-1.jpg","datePublished":"2019-03-02T10:23:25+00:00","dateModified":"2021-01-12T16:08:17+00:00","breadcrumb":{"@id":"https:\/\/beautifulbride.es\/es\/producto\/h2\/#breadcrumb"},"inLanguage":"es","potentialAction":[{"@type":"ReadAction","target":["https:\/\/beautifulbride.es\/es\/producto\/h2\/"]}]},{"@type":"ImageObject","inLanguage":"es","@id":"https:\/\/beautifulbride.es\/es\/producto\/h2\/#primaryimage","url":"https:\/\/beautifulbride.es\/wp-content\/uploads\/H2-190-1.jpg","contentUrl":"https:\/\/beautifulbride.es\/wp-content\/uploads\/H2-190-1.jpg","width":2000,"height":2500},{"@type":"BreadcrumbList","@id":"https:\/\/beautifulbride.es\/es\/producto\/h2\/#breadcrumb","itemListElement":[{"@type":"ListItem","position":1,"name":"Portada","item":"https:\/\/beautifulbride.es\/es\/"},{"@type":"ListItem","position":2,"name":"Tienda","item":"https:\/\/beautifulbride.es\/es\/tienda\/"},{"@type":"ListItem","position":3,"name":"H2-190"}]},{"@type":"WebSite","@id":"https:\/\/beautifulbride.es\/es\/#website","url":"https:\/\/beautifulbride.es\/es\/","name":"BeautifulBride","description":"Vestidos de Novia","potentialAction":[{"@type":"SearchAction","target":{"@type":"EntryPoint","urlTemplate":"https:\/\/beautifulbride.es\/es\/?s={search_term_string}"},"query-input":{"@type":"PropertyValueSpecification","valueRequired":true,"valueName":"search_term_string"}}],"inLanguage":"es"}]}},"_links":{"self":[{"href":"https:\/\/beautifulbride.es\/es\/wp-json\/wp\/v2\/product\/38679","targetHints":{"allow":["GET"]}}],"collection":[{"href":"https:\/\/beautifulbride.es\/es\/wp-json\/wp\/v2\/product"}],"about":[{"href":"https:\/\/beautifulbride.es\/es\/wp-json\/wp\/v2\/types\/product"}],"wp:featuredmedia":[{"embeddable":true,"href":"https:\/\/beautifulbride.es\/es\/wp-json\/wp\/v2\/media\/38661"}],"wp:attachment":[{"href":"https:\/\/beautifulbride.es\/es\/wp-json\/wp\/v2\/media?parent=38679"}],"wp:term":[{"taxonomy":"product_brand","embeddable":true,"href":"https:\/\/beautifulbride.es\/es\/wp-json\/wp\/v2\/product_brand?post=38679"},{"taxonomy":"product_cat","embeddable":true,"href":"https:\/\/beautifulbride.es\/es\/wp-json\/wp\/v2\/product_cat?post=38679"},{"taxonomy":"product_tag","embeddable":true,"href":"https:\/\/beautifulbride.es\/es\/wp-json\/wp\/v2\/product_tag?post=38679"}],"curies":[{"name":"wp","href":"https:\/\/api.w.org\/{rel}","templated":true}]}}