{"id":47172,"date":"2021-06-08T08:00:09","date_gmt":"2021-06-08T08:08:27","guid":{"rendered":"https:\/\/beautifulbride.es\/?post_type=product&#038;p=47172"},"modified":"2021-06-15T10:42:38","modified_gmt":"2021-06-15T10:42:38","slug":"pendientes-de-novia-tani-n002-cristales-swarovski-y-perlas-de-agua","status":"publish","type":"product","link":"https:\/\/beautifulbride.es\/es\/producto\/pendientes-de-novia-tani-n002-cristales-swarovski-y-perlas-de-agua\/","title":{"rendered":"Pendientes de novia Tani (N002) cristales Swarovski y perlas de agua"},"content":{"rendered":"<p>Los pendientes de novia Tani han sido dise\u00f1ados pensando en las novias que buscan unos pendientes peque\u00f1os, pero que no pasen desapercibidos. Los cristales combinados con las perlas le brindar\u00e1n un toque sutil de luz a tu rostro.<\/p>\n<p><strong>Tejidos a mano<\/strong><\/p>\n<p><strong>Detalles<\/strong>:<\/p>\n<p><strong>Tama\u00f1o<\/strong>: Di\u00e1metro \u2013 1,8 cm<\/p>\n<p><strong>Materiales<\/strong>: Plata 925, cristales Swarovski y perlas de agua.<\/p>\n","protected":false},"excerpt":{"rendered":"<p>Los pendientes de novia Tani han sido dise\u00f1ados pensando en las novias que buscan unos pendientes peque\u00f1os, pero que no pasen desapercibidos. Los cristales combinados con las perlas le brindar\u00e1n un toque sutil de luz a tu rostro. Tejidos a mano Detalles: Tama\u00f1o: Di\u00e1metro \u2013 1,8 cm Materiales: Plata 925, cristales Swarovski y perlas de [&#8230;]\n","protected":false},"featured_media":47171,"template":"","meta":[],"product_brand":[],"product_cat":[122],"product_tag":[],"class_list":{"0":"post-47172","1":"product","2":"type-product","3":"status-publish","4":"has-post-thumbnail","6":"product_cat-tocados","8":"first","9":"outofstock","10":"taxable","11":"shipping-taxable","12":"purchasable","13":"product-type-simple"},"yoast_head":"<!-- This site is optimized with the Yoast SEO plugin v25.7 - https:\/\/yoast.com\/wordpress\/plugins\/seo\/ -->\n<title>Pendientes de novia Tani (N002) cristales Swarovski y perlas de agua - BeautifulBride<\/title>\n<meta name=\"description\" content=\"Los pendientes de novia Tani han sido dise\u00f1ados para brindar un toque sutil de luz al rostro con los cristales y las perlas de agua.\" \/>\n<meta name=\"robots\" content=\"index, follow, max-snippet:-1, max-image-preview:large, max-video-preview:-1\" \/>\n<link rel=\"canonical\" href=\"https:\/\/beautifulbride.es\/es\/producto\/pendientes-de-novia-tani-n002-cristales-swarovski-y-perlas-de-agua\/\" \/>\n<meta property=\"og:locale\" content=\"es_ES\" \/>\n<meta property=\"og:type\" content=\"article\" \/>\n<meta property=\"og:title\" content=\"Pendientes de novia Tani (N002) cristales Swarovski y perlas de agua - BeautifulBride\" \/>\n<meta property=\"og:description\" content=\"Los pendientes de novia Tani han sido dise\u00f1ados para brindar un toque sutil de luz al rostro con los cristales y las perlas de agua.\" \/>\n<meta property=\"og:url\" content=\"https:\/\/beautifulbride.es\/es\/producto\/pendientes-de-novia-tani-n002-cristales-swarovski-y-perlas-de-agua\/\" \/>\n<meta property=\"og:site_name\" content=\"BeautifulBride\" \/>\n<meta property=\"article:modified_time\" content=\"2021-06-15T10:42:38+00:00\" \/>\n<meta property=\"og:image\" content=\"https:\/\/beautifulbride.es\/wp-content\/uploads\/Pendientes-novia-Tani-N002_Beautiful-Bride-scaled.jpeg\" \/>\n\t<meta property=\"og:image:width\" content=\"2033\" \/>\n\t<meta property=\"og:image:height\" content=\"2560\" \/>\n\t<meta property=\"og:image:type\" content=\"image\/jpeg\" \/>\n<meta name=\"twitter:card\" content=\"summary_large_image\" \/>\n<meta name=\"twitter:label1\" content=\"Tiempo de lectura\" \/>\n\t<meta name=\"twitter:data1\" content=\"1 minuto\" \/>\n<script type=\"application\/ld+json\" class=\"yoast-schema-graph\">{\"@context\":\"https:\/\/schema.org\",\"@graph\":[{\"@type\":\"WebPage\",\"@id\":\"https:\/\/beautifulbride.es\/es\/producto\/pendientes-de-novia-tani-n002-cristales-swarovski-y-perlas-de-agua\/\",\"url\":\"https:\/\/beautifulbride.es\/es\/producto\/pendientes-de-novia-tani-n002-cristales-swarovski-y-perlas-de-agua\/\",\"name\":\"Pendientes de novia Tani (N002) cristales Swarovski y perlas de agua - BeautifulBride\",\"isPartOf\":{\"@id\":\"https:\/\/beautifulbride.es\/es\/#website\"},\"primaryImageOfPage\":{\"@id\":\"https:\/\/beautifulbride.es\/es\/producto\/pendientes-de-novia-tani-n002-cristales-swarovski-y-perlas-de-agua\/#primaryimage\"},\"image\":{\"@id\":\"https:\/\/beautifulbride.es\/es\/producto\/pendientes-de-novia-tani-n002-cristales-swarovski-y-perlas-de-agua\/#primaryimage\"},\"thumbnailUrl\":\"https:\/\/beautifulbride.es\/wp-content\/uploads\/Pendientes-novia-Tani-N002_Beautiful-Bride-scaled.jpeg\",\"datePublished\":\"2021-06-08T08:08:27+00:00\",\"dateModified\":\"2021-06-15T10:42:38+00:00\",\"description\":\"Los pendientes de novia Tani han sido dise\u00f1ados para brindar un toque sutil de luz al rostro con los cristales y las perlas de agua.\",\"breadcrumb\":{\"@id\":\"https:\/\/beautifulbride.es\/es\/producto\/pendientes-de-novia-tani-n002-cristales-swarovski-y-perlas-de-agua\/#breadcrumb\"},\"inLanguage\":\"es\",\"potentialAction\":[{\"@type\":\"ReadAction\",\"target\":[\"https:\/\/beautifulbride.es\/es\/producto\/pendientes-de-novia-tani-n002-cristales-swarovski-y-perlas-de-agua\/\"]}]},{\"@type\":\"ImageObject\",\"inLanguage\":\"es\",\"@id\":\"https:\/\/beautifulbride.es\/es\/producto\/pendientes-de-novia-tani-n002-cristales-swarovski-y-perlas-de-agua\/#primaryimage\",\"url\":\"https:\/\/beautifulbride.es\/wp-content\/uploads\/Pendientes-novia-Tani-N002_Beautiful-Bride-scaled.jpeg\",\"contentUrl\":\"https:\/\/beautifulbride.es\/wp-content\/uploads\/Pendientes-novia-Tani-N002_Beautiful-Bride-scaled.jpeg\",\"width\":2033,\"height\":2560,\"caption\":\"Pendientes novia Tani (N002)_Beautiful Bride\"},{\"@type\":\"BreadcrumbList\",\"@id\":\"https:\/\/beautifulbride.es\/es\/producto\/pendientes-de-novia-tani-n002-cristales-swarovski-y-perlas-de-agua\/#breadcrumb\",\"itemListElement\":[{\"@type\":\"ListItem\",\"position\":1,\"name\":\"Portada\",\"item\":\"https:\/\/beautifulbride.es\/es\/\"},{\"@type\":\"ListItem\",\"position\":2,\"name\":\"Tienda\",\"item\":\"https:\/\/beautifulbride.es\/es\/tienda\/\"},{\"@type\":\"ListItem\",\"position\":3,\"name\":\"Pendientes de novia Tani (N002) cristales Swarovski y perlas de agua\"}]},{\"@type\":\"WebSite\",\"@id\":\"https:\/\/beautifulbride.es\/es\/#website\",\"url\":\"https:\/\/beautifulbride.es\/es\/\",\"name\":\"BeautifulBride\",\"description\":\"Vestidos de Novia\",\"potentialAction\":[{\"@type\":\"SearchAction\",\"target\":{\"@type\":\"EntryPoint\",\"urlTemplate\":\"https:\/\/beautifulbride.es\/es\/?s={search_term_string}\"},\"query-input\":{\"@type\":\"PropertyValueSpecification\",\"valueRequired\":true,\"valueName\":\"search_term_string\"}}],\"inLanguage\":\"es\"}]}<\/script>\n<!-- \/ Yoast SEO plugin. -->","yoast_head_json":{"title":"Pendientes de novia Tani (N002) cristales Swarovski y perlas de agua - BeautifulBride","description":"Los pendientes de novia Tani han sido dise\u00f1ados para brindar un toque sutil de luz al rostro con los cristales y las perlas de agua.","robots":{"index":"index","follow":"follow","max-snippet":"max-snippet:-1","max-image-preview":"max-image-preview:large","max-video-preview":"max-video-preview:-1"},"canonical":"https:\/\/beautifulbride.es\/es\/producto\/pendientes-de-novia-tani-n002-cristales-swarovski-y-perlas-de-agua\/","og_locale":"es_ES","og_type":"article","og_title":"Pendientes de novia Tani (N002) cristales Swarovski y perlas de agua - BeautifulBride","og_description":"Los pendientes de novia Tani han sido dise\u00f1ados para brindar un toque sutil de luz al rostro con los cristales y las perlas de agua.","og_url":"https:\/\/beautifulbride.es\/es\/producto\/pendientes-de-novia-tani-n002-cristales-swarovski-y-perlas-de-agua\/","og_site_name":"BeautifulBride","article_modified_time":"2021-06-15T10:42:38+00:00","og_image":[{"width":2033,"height":2560,"url":"https:\/\/beautifulbride.es\/wp-content\/uploads\/Pendientes-novia-Tani-N002_Beautiful-Bride-scaled.jpeg","type":"image\/jpeg"}],"twitter_card":"summary_large_image","twitter_misc":{"Tiempo de lectura":"1 minuto"},"schema":{"@context":"https:\/\/schema.org","@graph":[{"@type":"WebPage","@id":"https:\/\/beautifulbride.es\/es\/producto\/pendientes-de-novia-tani-n002-cristales-swarovski-y-perlas-de-agua\/","url":"https:\/\/beautifulbride.es\/es\/producto\/pendientes-de-novia-tani-n002-cristales-swarovski-y-perlas-de-agua\/","name":"Pendientes de novia Tani (N002) cristales Swarovski y perlas de agua - BeautifulBride","isPartOf":{"@id":"https:\/\/beautifulbride.es\/es\/#website"},"primaryImageOfPage":{"@id":"https:\/\/beautifulbride.es\/es\/producto\/pendientes-de-novia-tani-n002-cristales-swarovski-y-perlas-de-agua\/#primaryimage"},"image":{"@id":"https:\/\/beautifulbride.es\/es\/producto\/pendientes-de-novia-tani-n002-cristales-swarovski-y-perlas-de-agua\/#primaryimage"},"thumbnailUrl":"https:\/\/beautifulbride.es\/wp-content\/uploads\/Pendientes-novia-Tani-N002_Beautiful-Bride-scaled.jpeg","datePublished":"2021-06-08T08:08:27+00:00","dateModified":"2021-06-15T10:42:38+00:00","description":"Los pendientes de novia Tani han sido dise\u00f1ados para brindar un toque sutil de luz al rostro con los cristales y las perlas de agua.","breadcrumb":{"@id":"https:\/\/beautifulbride.es\/es\/producto\/pendientes-de-novia-tani-n002-cristales-swarovski-y-perlas-de-agua\/#breadcrumb"},"inLanguage":"es","potentialAction":[{"@type":"ReadAction","target":["https:\/\/beautifulbride.es\/es\/producto\/pendientes-de-novia-tani-n002-cristales-swarovski-y-perlas-de-agua\/"]}]},{"@type":"ImageObject","inLanguage":"es","@id":"https:\/\/beautifulbride.es\/es\/producto\/pendientes-de-novia-tani-n002-cristales-swarovski-y-perlas-de-agua\/#primaryimage","url":"https:\/\/beautifulbride.es\/wp-content\/uploads\/Pendientes-novia-Tani-N002_Beautiful-Bride-scaled.jpeg","contentUrl":"https:\/\/beautifulbride.es\/wp-content\/uploads\/Pendientes-novia-Tani-N002_Beautiful-Bride-scaled.jpeg","width":2033,"height":2560,"caption":"Pendientes novia Tani (N002)_Beautiful Bride"},{"@type":"BreadcrumbList","@id":"https:\/\/beautifulbride.es\/es\/producto\/pendientes-de-novia-tani-n002-cristales-swarovski-y-perlas-de-agua\/#breadcrumb","itemListElement":[{"@type":"ListItem","position":1,"name":"Portada","item":"https:\/\/beautifulbride.es\/es\/"},{"@type":"ListItem","position":2,"name":"Tienda","item":"https:\/\/beautifulbride.es\/es\/tienda\/"},{"@type":"ListItem","position":3,"name":"Pendientes de novia Tani (N002) cristales Swarovski y perlas de agua"}]},{"@type":"WebSite","@id":"https:\/\/beautifulbride.es\/es\/#website","url":"https:\/\/beautifulbride.es\/es\/","name":"BeautifulBride","description":"Vestidos de Novia","potentialAction":[{"@type":"SearchAction","target":{"@type":"EntryPoint","urlTemplate":"https:\/\/beautifulbride.es\/es\/?s={search_term_string}"},"query-input":{"@type":"PropertyValueSpecification","valueRequired":true,"valueName":"search_term_string"}}],"inLanguage":"es"}]}},"_links":{"self":[{"href":"https:\/\/beautifulbride.es\/es\/wp-json\/wp\/v2\/product\/47172","targetHints":{"allow":["GET"]}}],"collection":[{"href":"https:\/\/beautifulbride.es\/es\/wp-json\/wp\/v2\/product"}],"about":[{"href":"https:\/\/beautifulbride.es\/es\/wp-json\/wp\/v2\/types\/product"}],"wp:featuredmedia":[{"embeddable":true,"href":"https:\/\/beautifulbride.es\/es\/wp-json\/wp\/v2\/media\/47171"}],"wp:attachment":[{"href":"https:\/\/beautifulbride.es\/es\/wp-json\/wp\/v2\/media?parent=47172"}],"wp:term":[{"taxonomy":"product_brand","embeddable":true,"href":"https:\/\/beautifulbride.es\/es\/wp-json\/wp\/v2\/product_brand?post=47172"},{"taxonomy":"product_cat","embeddable":true,"href":"https:\/\/beautifulbride.es\/es\/wp-json\/wp\/v2\/product_cat?post=47172"},{"taxonomy":"product_tag","embeddable":true,"href":"https:\/\/beautifulbride.es\/es\/wp-json\/wp\/v2\/product_tag?post=47172"}],"curies":[{"name":"wp","href":"https:\/\/api.w.org\/{rel}","templated":true}]}}